{"id":237,"date":"2022-03-15T07:38:46","date_gmt":"2022-03-15T06:38:46","guid":{"rendered":"http:\/\/fitness-center-gruen.de\/hp\/?page_id=237"},"modified":"2022-03-16T10:47:38","modified_gmt":"2022-03-16T09:47:38","slug":"gutschein","status":"publish","type":"page","link":"http:\/\/fitness-center-gruen.de\/hp\/gutschein\/","title":{"rendered":"Gutschein"},"content":{"rendered":"\t\t<div data-elementor-type=\"wp-page\" data-elementor-id=\"237\" class=\"elementor elementor-237\">\n\t\t\t\t\t\t<section class=\"elementor-section elementor-top-section elementor-element elementor-element-8435e79 elementor-section-boxed elementor-section-height-default elementor-section-height-default\" data-id=\"8435e79\" data-element_type=\"section\" data-e-type=\"section\">\n\t\t\t\t\t\t<div class=\"elementor-container elementor-column-gap-default\">\n\t\t\t\t\t<div class=\"elementor-column elementor-col-100 elementor-top-column elementor-element elementor-element-d6d13fe\" data-id=\"d6d13fe\" data-element_type=\"column\" data-e-type=\"column\">\n\t\t\t<div class=\"elementor-widget-wrap elementor-element-populated\">\n\t\t\t\t\t\t<div class=\"elementor-element elementor-element-3dba3fd elementor-widget elementor-widget-spacer\" data-id=\"3dba3fd\" data-element_type=\"widget\" data-e-type=\"widget\" data-widget_type=\"spacer.default\">\n\t\t\t\t<div class=\"elementor-widget-container\">\n\t\t\t\t\t\t\t<div class=\"elementor-spacer\">\n\t\t\t<div class=\"elementor-spacer-inner\"><\/div>\n\t\t<\/div>\n\t\t\t\t\t\t<\/div>\n\t\t\t\t<\/div>\n\t\t\t\t\t<\/div>\n\t\t<\/div>\n\t\t\t\t\t<\/div>\n\t\t<\/section>\n\t\t\t\t<section class=\"elementor-section elementor-top-section elementor-element elementor-element-b0af4a3 elementor-section-boxed elementor-section-height-default elementor-section-height-default\" data-id=\"b0af4a3\" data-element_type=\"section\" data-e-type=\"section\">\n\t\t\t\t\t\t<div class=\"elementor-container elementor-column-gap-default\">\n\t\t\t\t\t<div class=\"elementor-column elementor-col-100 elementor-top-column elementor-element elementor-element-9e97a81\" data-id=\"9e97a81\" data-element_type=\"column\" data-e-type=\"column\">\n\t\t\t<div class=\"elementor-widget-wrap elementor-element-populated\">\n\t\t\t\t\t\t<div class=\"elementor-element elementor-element-9385f01 elementor-widget elementor-widget-text-editor\" data-id=\"9385f01\" data-element_type=\"widget\" data-e-type=\"widget\" data-widget_type=\"text-editor.default\">\n\t\t\t\t<div class=\"elementor-widget-container\">\n\t\t\t\t\t\t\t\t\t<h6>Unser Kennenlern-Gutschein<\/h6><p>\u00a0<\/p><h5>&#8222;<em>Ich habe keine Zeit<\/em>&#8222;<\/h5><p>Mit regelm\u00e4\u00dfigem Fitnesstraining von 2 x 30 Minuten pro Woche stabilisiern Sie Ihre Gesundheit und verl\u00e4ngern Ihre Lebenszeit. Warten Sie nicht, bis Ihnen die Zeit ausgeht!<\/p><h5>&#8222;<em>Ich trainiere lieber drau\u00dfen<\/em>&#8222;<\/h5><p>Laufen, Walken oder Radfahren an der frischen Luft bietet jeweils ein effektives Herz-Kreislauf-Training welches die Ausdauer verbessert und den Blutdruck stabil h\u00e4lt.<\/p><p>Es ersetzt jedoch nicht das zielgerichtete Muskeltraining, welches R\u00fcckenbeschwerden vorbeugt und lindert, was widerrum den Stoffwechsel ankurbelt, Haltungssch\u00e4den verbessert, sowie die Muskulatur strafft und festigt.<\/p><p>Erst die richtige Kombination von Kraft- und Ausdauertraining verhilft Ihnen zu ganzheitlichem Wohlbefinden.<\/p><h5><em>&#8222;Ich bin zu alt&#8220;<\/em><\/h5><p>Es ist nie zu sp\u00e4t, mit dem Training zu beginnen, denn in jedem Alter lassen sich Trainingserfolge nachweisbar erzielen.<\/p>\t\t\t\t\t\t\t\t<\/div>\n\t\t\t\t<\/div>\n\t\t\t\t\t<\/div>\n\t\t<\/div>\n\t\t\t\t\t<\/div>\n\t\t<\/section>\n\t\t\t\t<section class=\"elementor-section elementor-top-section elementor-element elementor-element-3aa3268 elementor-section-boxed elementor-section-height-default elementor-section-height-default\" data-id=\"3aa3268\" data-element_type=\"section\" data-e-type=\"section\">\n\t\t\t\t\t\t<div class=\"elementor-container elementor-column-gap-default\">\n\t\t\t\t\t<div class=\"elementor-column elementor-col-100 elementor-top-column elementor-element elementor-element-61bf74a\" data-id=\"61bf74a\" data-element_type=\"column\" data-e-type=\"column\">\n\t\t\t<div class=\"elementor-widget-wrap elementor-element-populated\">\n\t\t\t\t\t\t<div class=\"elementor-element elementor-element-4b6a40f elementor-widget elementor-widget-spacer\" data-id=\"4b6a40f\" data-element_type=\"widget\" data-e-type=\"widget\" data-widget_type=\"spacer.default\">\n\t\t\t\t<div class=\"elementor-widget-container\">\n\t\t\t\t\t\t\t<div class=\"elementor-spacer\">\n\t\t\t<div class=\"elementor-spacer-inner\"><\/div>\n\t\t<\/div>\n\t\t\t\t\t\t<\/div>\n\t\t\t\t<\/div>\n\t\t\t\t\t<\/div>\n\t\t<\/div>\n\t\t\t\t\t<\/div>\n\t\t<\/section>\n\t\t\t\t<section class=\"elementor-section elementor-top-section elementor-element elementor-element-3a35e40 elementor-section-boxed elementor-section-height-default elementor-section-height-default\" data-id=\"3a35e40\" data-element_type=\"section\" data-e-type=\"section\">\n\t\t\t\t\t\t<div class=\"elementor-container elementor-column-gap-default\">\n\t\t\t\t\t<div class=\"elementor-column elementor-col-50 elementor-top-column elementor-element elementor-element-8b80c1b\" data-id=\"8b80c1b\" data-element_type=\"column\" data-e-type=\"column\">\n\t\t\t<div class=\"elementor-widget-wrap elementor-element-populated\">\n\t\t\t\t\t\t<div class=\"elementor-element elementor-element-e92e5d1 elementor-widget elementor-widget-text-editor\" data-id=\"e92e5d1\" data-element_type=\"widget\" data-e-type=\"widget\" data-widget_type=\"text-editor.default\">\n\t\t\t\t<div class=\"elementor-widget-container\">\n\t\t\t\t\t\t\t\t\t<p>Beschenken Sie sich selbst oder Ihre Partner(in), Freunde und Bekannte mit Gesundheit.<\/p><p>Dies geht ganz einfach und kostenlos mit unserem Kennenlern-Gutschein.<\/p><p>F\u00fcllen Sie einfach dieses Formular aus und wir k\u00fcmmern uns darum!<\/p><p><img fetchpriority=\"high\" decoding=\"async\" class=\"wp-image-241 aligncenter\" src=\"http:\/\/fitness-center-gruen.de\/hp\/wp-content\/uploads\/2022\/03\/gutschein_neu-300x182.jpg\" alt=\"\" width=\"441\" height=\"268\" srcset=\"http:\/\/fitness-center-gruen.de\/hp\/wp-content\/uploads\/2022\/03\/gutschein_neu-300x182.jpg 300w, http:\/\/fitness-center-gruen.de\/hp\/wp-content\/uploads\/2022\/03\/gutschein_neu.jpg 500w\" sizes=\"(max-width: 441px) 100vw, 441px\" \/><\/p>\t\t\t\t\t\t\t\t<\/div>\n\t\t\t\t<\/div>\n\t\t\t\t\t<\/div>\n\t\t<\/div>\n\t\t\t\t<div class=\"elementor-column elementor-col-50 elementor-top-column elementor-element elementor-element-afed16c\" data-id=\"afed16c\" data-element_type=\"column\" data-e-type=\"column\" data-settings=\"{&quot;background_background&quot;:&quot;classic&quot;}\">\n\t\t\t<div class=\"elementor-widget-wrap elementor-element-populated\">\n\t\t\t\t\t\t<div class=\"elementor-element elementor-element-7f35c15 elementor-widget elementor-widget-text-editor\" data-id=\"7f35c15\" data-element_type=\"widget\" data-e-type=\"widget\" data-widget_type=\"text-editor.default\">\n\t\t\t\t<div class=\"elementor-widget-container\">\n\t\t\t\t\t\t\t\t\t<h6>Kennenlern-Gutschein<\/h6>\t\t\t\t\t\t\t\t<\/div>\n\t\t\t\t<\/div>\n\t\t\t\t<div class=\"elementor-element elementor-element-5c6aab3 elementor-widget elementor-widget-shortcode\" data-id=\"5c6aab3\" data-element_type=\"widget\" data-e-type=\"widget\" data-widget_type=\"shortcode.default\">\n\t\t\t\t<div class=\"elementor-widget-container\">\n\t\t\t\t\t\t\t<div class=\"elementor-shortcode\"><div class=\"wpforms-container wpforms-container-full\" id=\"wpforms-245\"><form id=\"wpforms-form-245\" class=\"wpforms-validate wpforms-form wpforms-ajax-form\" data-formid=\"245\" method=\"post\" enctype=\"multipart\/form-data\" action=\"\/hp\/wp-json\/wp\/v2\/pages\/237\" data-token=\"e4bfb286b78a8ac9d04af5dbf46385c7\" data-token-time=\"1776429603\"><noscript class=\"wpforms-error-noscript\">Bitte aktiviere JavaScript in deinem Browser, um dieses Formular fertigzustellen.<\/noscript><div class=\"wpforms-field-container\"><div id=\"wpforms-245-field_0-container\" class=\"wpforms-field wpforms-field-name\" data-field-id=\"0\"><label class=\"wpforms-field-label\">Name <span class=\"wpforms-required-label\">*<\/span><\/label><div class=\"wpforms-field-row wpforms-field-medium\"><div class=\"wpforms-field-row-block wpforms-first wpforms-one-half\"><input type=\"text\" id=\"wpforms-245-field_0\" class=\"wpforms-field-name-first wpforms-field-required\" name=\"wpforms[fields][0][first]\" required><label for=\"wpforms-245-field_0\" class=\"wpforms-field-sublabel after\">Vorname<\/label><\/div><div class=\"wpforms-field-row-block wpforms-one-half\"><input type=\"text\" id=\"wpforms-245-field_0-last\" class=\"wpforms-field-name-last wpforms-field-required\" name=\"wpforms[fields][0][last]\" required><label for=\"wpforms-245-field_0-last\" class=\"wpforms-field-sublabel after\">Nachname<\/label><\/div><\/div><\/div><div id=\"wpforms-245-field_7-container\" class=\"wpforms-field wpforms-field-text\" data-field-id=\"7\"><label class=\"wpforms-field-label\" for=\"wpforms-245-field_7\">Postleitzahl und Ort <span class=\"wpforms-required-label\">*<\/span><\/label><input type=\"text\" id=\"wpforms-245-field_7\" class=\"wpforms-field-medium wpforms-field-required\" name=\"wpforms[fields][7]\" required><\/div><div id=\"wpforms-245-field_8-container\" class=\"wpforms-field wpforms-field-text\" data-field-id=\"8\"><label class=\"wpforms-field-label\" for=\"wpforms-245-field_8\">Stra\u00dfe und Hausnummer <span class=\"wpforms-required-label\">*<\/span><\/label><input type=\"text\" id=\"wpforms-245-field_8\" class=\"wpforms-field-medium wpforms-field-required\" name=\"wpforms[fields][8]\" required><\/div><div id=\"wpforms-245-field_9-container\" class=\"wpforms-field wpforms-field-text\" data-field-id=\"9\"><label class=\"wpforms-field-label\" for=\"wpforms-245-field_9\">Telefonnummer<\/label><input type=\"text\" id=\"wpforms-245-field_9\" class=\"wpforms-field-medium\" name=\"wpforms[fields][9]\" ><\/div><div id=\"wpforms-245-field_1-container\" class=\"wpforms-field wpforms-field-email\" data-field-id=\"1\"><label class=\"wpforms-field-label\" for=\"wpforms-245-field_1\">E-Mail <span class=\"wpforms-required-label\">*<\/span><\/label><input type=\"email\" id=\"wpforms-245-field_1\" class=\"wpforms-field-medium wpforms-field-required\" name=\"wpforms[fields][1]\" spellcheck=\"false\" required><\/div><div id=\"wpforms-245-field_4-container\" class=\"wpforms-field wpforms-field-checkbox wpforms-list-inline\" data-field-id=\"4\"><label class=\"wpforms-field-label\">Gutschein f\u00fcr ein Probetraining<\/label><ul id=\"wpforms-245-field_4\"><li class=\"choice-1 depth-1\"><input type=\"checkbox\" id=\"wpforms-245-field_4_1\" name=\"wpforms[fields][4][]\" value=\"Bestellen\"  ><label class=\"wpforms-field-label-inline\" for=\"wpforms-245-field_4_1\">Bestellen<\/label><\/li><\/ul><\/div><div id=\"wpforms-245-field_5-container\" class=\"wpforms-field wpforms-field-checkbox wpforms-list-inline\" data-field-id=\"5\"><label class=\"wpforms-field-label\">Ich bin mindestens 18 Jahre alt<\/label><ul id=\"wpforms-245-field_5\"><li class=\"choice-1 depth-1\"><input type=\"checkbox\" id=\"wpforms-245-field_5_1\" name=\"wpforms[fields][5][]\" value=\"ja\"  ><label class=\"wpforms-field-label-inline\" for=\"wpforms-245-field_5_1\">ja<\/label><\/li><\/ul><\/div><div id=\"wpforms-245-field_2-container\" class=\"wpforms-field wpforms-field-textarea\" data-field-id=\"2\"><label class=\"wpforms-field-label\" for=\"wpforms-245-field_2\">Raum f\u00fcr Ihre Anmerkungen <span class=\"wpforms-required-label\">*<\/span><\/label><textarea id=\"wpforms-245-field_2\" class=\"wpforms-field-medium wpforms-field-required\" name=\"wpforms[fields][2]\" required><\/textarea><\/div><\/div><!-- .wpforms-field-container --><div class=\"wpforms-recaptcha-container wpforms-is-recaptcha wpforms-is-recaptcha-type-v2\" ><div class=\"g-recaptcha\" data-sitekey=\"6LejpEYkAAAAAKVCTvwV40MDNY0o1tsIs4x3dSh8\"><\/div><input type=\"text\" name=\"g-recaptcha-hidden\" class=\"wpforms-recaptcha-hidden\" style=\"position:absolute!important;clip:rect(0,0,0,0)!important;height:1px!important;width:1px!important;border:0!important;overflow:hidden!important;padding:0!important;margin:0!important;\" data-rule-recaptcha=\"1\"><\/div><div class=\"wpforms-submit-container\" ><input type=\"hidden\" name=\"wpforms[id]\" value=\"245\"><input type=\"hidden\" name=\"page_title\" value=\"\"><input type=\"hidden\" name=\"page_url\" value=\"http:\/\/fitness-center-gruen.de\/hp\/wp-json\/wp\/v2\/pages\/237\"><input type=\"hidden\" name=\"url_referer\" value=\"\"><button type=\"submit\" name=\"wpforms[submit]\" id=\"wpforms-submit-245\" class=\"wpforms-submit\" data-alt-text=\"Ihre Nachricht wird \u00fcbertragen...\" data-submit-text=\"Gutschein bestellen\" aria-live=\"assertive\" value=\"wpforms-submit\">Gutschein bestellen<\/button><img decoding=\"async\" src=\"http:\/\/fitness-center-gruen.de\/hp\/wp-content\/plugins\/wpforms-lite\/assets\/images\/submit-spin.svg\" class=\"wpforms-submit-spinner\" style=\"display: none;\" width=\"26\" height=\"26\" alt=\"Wird geladen\"><\/div><\/form><\/div>  <!-- .wpforms-container --><\/div>\n\t\t\t\t\t\t<\/div>\n\t\t\t\t<\/div>\n\t\t\t\t\t<\/div>\n\t\t<\/div>\n\t\t\t\t\t<\/div>\n\t\t<\/section>\n\t\t\t\t<section class=\"elementor-section elementor-top-section elementor-element elementor-element-bc72966 elementor-section-boxed elementor-section-height-default elementor-section-height-default\" data-id=\"bc72966\" data-element_type=\"section\" data-e-type=\"section\">\n\t\t\t\t\t\t<div class=\"elementor-container elementor-column-gap-default\">\n\t\t\t\t\t<div class=\"elementor-column elementor-col-100 elementor-top-column elementor-element elementor-element-a704f4f\" data-id=\"a704f4f\" data-element_type=\"column\" data-e-type=\"column\">\n\t\t\t<div class=\"elementor-widget-wrap elementor-element-populated\">\n\t\t\t\t\t\t<div class=\"elementor-element elementor-element-ff540f4 elementor-widget elementor-widget-spacer\" data-id=\"ff540f4\" data-element_type=\"widget\" data-e-type=\"widget\" data-widget_type=\"spacer.default\">\n\t\t\t\t<div class=\"elementor-widget-container\">\n\t\t\t\t\t\t\t<div class=\"elementor-spacer\">\n\t\t\t<div class=\"elementor-spacer-inner\"><\/div>\n\t\t<\/div>\n\t\t\t\t\t\t<\/div>\n\t\t\t\t<\/div>\n\t\t\t\t\t<\/div>\n\t\t<\/div>\n\t\t\t\t\t<\/div>\n\t\t<\/section>\n\t\t\t\t<section class=\"elementor-section elementor-top-section elementor-element elementor-element-ea31455 elementor-section-full_width elementor-section-stretched elementor-section-height-default elementor-section-height-default\" data-id=\"ea31455\" data-element_type=\"section\" data-e-type=\"section\" data-settings=\"{&quot;stretch_section&quot;:&quot;section-stretched&quot;}\">\n\t\t\t\t\t\t<div class=\"elementor-container elementor-column-gap-default\">\n\t\t\t\t\t<div class=\"elementor-column elementor-col-100 elementor-top-column elementor-element elementor-element-ae8f5c0\" data-id=\"ae8f5c0\" data-element_type=\"column\" data-e-type=\"column\">\n\t\t\t<div class=\"elementor-widget-wrap elementor-element-populated\">\n\t\t\t\t\t\t<div class=\"elementor-element elementor-element-5a09ee2 elementor-widget elementor-widget-image\" data-id=\"5a09ee2\" data-element_type=\"widget\" data-e-type=\"widget\" data-widget_type=\"image.default\">\n\t\t\t\t<div class=\"elementor-widget-container\">\n\t\t\t\t\t\t\t\t\t\t\t\t\t\t\t<img decoding=\"async\" width=\"1200\" height=\"1171\" src=\"http:\/\/fitness-center-gruen.de\/hp\/wp-content\/uploads\/2022\/03\/studio_geraete1.jpg\" class=\"attachment-full size-full wp-image-384\" alt=\"\" srcset=\"http:\/\/fitness-center-gruen.de\/hp\/wp-content\/uploads\/2022\/03\/studio_geraete1.jpg 1200w, http:\/\/fitness-center-gruen.de\/hp\/wp-content\/uploads\/2022\/03\/studio_geraete1-300x293.jpg 300w, http:\/\/fitness-center-gruen.de\/hp\/wp-content\/uploads\/2022\/03\/studio_geraete1-1024x999.jpg 1024w, http:\/\/fitness-center-gruen.de\/hp\/wp-content\/uploads\/2022\/03\/studio_geraete1-768x749.jpg 768w\" sizes=\"(max-width: 1200px) 100vw, 1200px\" \/>\t\t\t\t\t\t\t\t\t\t\t\t\t\t\t<\/div>\n\t\t\t\t<\/div>\n\t\t\t\t\t<\/div>\n\t\t<\/div>\n\t\t\t\t\t<\/div>\n\t\t<\/section>\n\t\t\t\t<\/div>\n\t\t","protected":false},"excerpt":{"rendered":"<p>Unser Kennenlern-Gutschein \u00a0 &#8222;Ich habe keine Zeit&#8222; Mit regelm\u00e4\u00dfigem Fitnesstraining von 2 x 30 Minuten pro Woche stabilisiern Sie Ihre Gesundheit und verl\u00e4ngern Ihre Lebenszeit. Warten Sie nicht, bis Ihnen die Zeit ausgeht! &#8222;Ich trainiere lieber drau\u00dfen&#8222; Laufen, Walken oder Radfahren an der frischen Luft bietet jeweils ein effektives Herz-Kreislauf-Training welches die Ausdauer verbessert und [&hellip;]<\/p>\n","protected":false},"author":1,"featured_media":0,"parent":0,"menu_order":0,"comment_status":"closed","ping_status":"closed","template":"","meta":{"ocean_post_layout":"","ocean_both_sidebars_style":"","ocean_both_sidebars_content_width":0,"ocean_both_sidebars_sidebars_width":0,"ocean_sidebar":"0","ocean_second_sidebar":"0","ocean_disable_margins":"enable","ocean_add_body_class":"","ocean_shortcode_before_top_bar":"","ocean_shortcode_after_top_bar":"","ocean_shortcode_before_header":"","ocean_shortcode_after_header":"","ocean_has_shortcode":"","ocean_shortcode_after_title":"","ocean_shortcode_before_footer_widgets":"","ocean_shortcode_after_footer_widgets":"","ocean_shortcode_before_footer_bottom":"","ocean_shortcode_after_footer_bottom":"","ocean_display_top_bar":"default","ocean_display_header":"default","ocean_header_style":"","ocean_center_header_left_menu":"0","ocean_custom_header_template":"0","ocean_custom_logo":0,"ocean_custom_retina_logo":0,"ocean_custom_logo_max_width":0,"ocean_custom_logo_tablet_max_width":0,"ocean_custom_logo_mobile_max_width":0,"ocean_custom_logo_max_height":0,"ocean_custom_logo_tablet_max_height":0,"ocean_custom_logo_mobile_max_height":0,"ocean_header_custom_menu":"0","ocean_menu_typo_font_family":"0","ocean_menu_typo_font_subset":"","ocean_menu_typo_font_size":0,"ocean_menu_typo_font_size_tablet":0,"ocean_menu_typo_font_size_mobile":0,"ocean_menu_typo_font_size_unit":"px","ocean_menu_typo_font_weight":"","ocean_menu_typo_font_weight_tablet":"","ocean_menu_typo_font_weight_mobile":"","ocean_menu_typo_transform":"","ocean_menu_typo_transform_tablet":"","ocean_menu_typo_transform_mobile":"","ocean_menu_typo_line_height":0,"ocean_menu_typo_line_height_tablet":0,"ocean_menu_typo_line_height_mobile":0,"ocean_menu_typo_line_height_unit":"","ocean_menu_typo_spacing":0,"ocean_menu_typo_spacing_tablet":0,"ocean_menu_typo_spacing_mobile":0,"ocean_menu_typo_spacing_unit":"","ocean_menu_link_color":"","ocean_menu_link_color_hover":"","ocean_menu_link_color_active":"","ocean_menu_link_background":"","ocean_menu_link_hover_background":"","ocean_menu_link_active_background":"","ocean_menu_social_links_bg":"","ocean_menu_social_hover_links_bg":"","ocean_menu_social_links_color":"","ocean_menu_social_hover_links_color":"","ocean_disable_title":"default","ocean_disable_heading":"default","ocean_post_title":"","ocean_post_subheading":"","ocean_post_title_style":"","ocean_post_title_background_color":"","ocean_post_title_background":0,"ocean_post_title_bg_image_position":"","ocean_post_title_bg_image_attachment":"","ocean_post_title_bg_image_repeat":"","ocean_post_title_bg_image_size":"","ocean_post_title_height":0,"ocean_post_title_bg_overlay":0.5,"ocean_post_title_bg_overlay_color":"","ocean_disable_breadcrumbs":"default","ocean_breadcrumbs_color":"","ocean_breadcrumbs_separator_color":"","ocean_breadcrumbs_links_color":"","ocean_breadcrumbs_links_hover_color":"","ocean_display_footer_widgets":"default","ocean_display_footer_bottom":"default","ocean_custom_footer_template":"0","footnotes":""},"class_list":["post-237","page","type-page","status-publish","hentry","entry"],"_links":{"self":[{"href":"http:\/\/fitness-center-gruen.de\/hp\/wp-json\/wp\/v2\/pages\/237","targetHints":{"allow":["GET"]}}],"collection":[{"href":"http:\/\/fitness-center-gruen.de\/hp\/wp-json\/wp\/v2\/pages"}],"about":[{"href":"http:\/\/fitness-center-gruen.de\/hp\/wp-json\/wp\/v2\/types\/page"}],"author":[{"embeddable":true,"href":"http:\/\/fitness-center-gruen.de\/hp\/wp-json\/wp\/v2\/users\/1"}],"replies":[{"embeddable":true,"href":"http:\/\/fitness-center-gruen.de\/hp\/wp-json\/wp\/v2\/comments?post=237"}],"version-history":[{"count":10,"href":"http:\/\/fitness-center-gruen.de\/hp\/wp-json\/wp\/v2\/pages\/237\/revisions"}],"predecessor-version":[{"id":410,"href":"http:\/\/fitness-center-gruen.de\/hp\/wp-json\/wp\/v2\/pages\/237\/revisions\/410"}],"wp:attachment":[{"href":"http:\/\/fitness-center-gruen.de\/hp\/wp-json\/wp\/v2\/media?parent=237"}],"curies":[{"name":"wp","href":"https:\/\/api.w.org\/{rel}","templated":true}]}}